{"id":1508,"date":"2026-04-02T12:44:56","date_gmt":"2026-04-02T10:44:56","guid":{"rendered":"http:\/\/bombaysl.es\/?page_id=1508"},"modified":"2026-04-02T12:46:08","modified_gmt":"2026-04-02T10:46:08","slug":"elementor-1508","status":"publish","type":"page","link":"http:\/\/bombaysl.es\/en\/","title":{"rendered":"Elementor #1508"},"content":{"rendered":"\t\t<div data-elementor-type=\"wp-post\" data-elementor-id=\"1508\" class=\"elementor elementor-1508 elementor-1430\">\n\t\t\t\t<div class=\"elementor-element elementor-element-3d1208a3 e-con-full e-flex e-con e-parent\" data-id=\"3d1208a3\" data-element_type=\"container\" data-e-type=\"container\" data-settings=\"{&quot;background_background&quot;:&quot;classic&quot;}\">\n\t\t<div class=\"elementor-element elementor-element-4cfb76bd e-con-full e-flex e-con e-child\" data-id=\"4cfb76bd\" data-element_type=\"container\" data-e-type=\"container\" data-settings=\"{&quot;background_background&quot;:&quot;classic&quot;}\">\n\t\t\t\t<div class=\"elementor-element elementor-element-478b0a1e elementor-widget__width-initial elementor-widget elementor-widget-heading\" data-id=\"478b0a1e\" data-element_type=\"widget\" data-e-type=\"widget\" data-widget_type=\"heading.default\">\n\t\t\t\t\t<h1 class=\"elementor-heading-title elementor-size-default\">Bombay, specialists in fabrics for professionals<\/h1>\t\t\t\t<\/div>\n\t\t\t\t<div class=\"elementor-element elementor-element-69802f1b elementor-widget elementor-widget-text-editor\" data-id=\"69802f1b\" data-element_type=\"widget\" data-e-type=\"widget\" data-widget_type=\"text-editor.default\">\n\t\t\t\t\t\t\t\t\t<p data-start=\"739\" data-end=\"822\">Venta al por mayor de tejidos con calidad y servicio profesional<\/p>\t\t\t\t\t\t\t\t<\/div>\n\t\t\t\t<div class=\"elementor-element elementor-element-123677d elementor-mobile-align-center elementor-widget elementor-widget-button\" data-id=\"123677d\" data-element_type=\"widget\" data-e-type=\"widget\" data-widget_type=\"button.default\">\n\t\t\t\t\t\t\t\t\t\t<a class=\"elementor-button elementor-button-link elementor-size-sm\" href=\"#\">\n\t\t\t\t\t\t<span class=\"elementor-button-content-wrapper\">\n\t\t\t\t\t\t\t\t\t<span class=\"elementor-button-text\">Contact us<\/span>\n\t\t\t\t\t<\/span>\n\t\t\t\t\t<\/a>\n\t\t\t\t\t\t\t\t<\/div>\n\t\t\t\t<\/div>\n\t\t<div class=\"elementor-element elementor-element-2d6c8243 e-con-full e-grid e-con e-child\" data-id=\"2d6c8243\" data-element_type=\"container\" data-e-type=\"container\">\n\t\t\t\t<div class=\"elementor-element elementor-element-7ce68a22 elementor-widget elementor-widget-image\" data-id=\"7ce68a22\" data-element_type=\"widget\" data-e-type=\"widget\" data-widget_type=\"image.default\">\n\t\t\t\t\t\t\t\t\t\t\t\t\t\t\t<img fetchpriority=\"high\" decoding=\"async\" width=\"800\" height=\"534\" src=\"http:\/\/bombaysl.es\/wp-content\/uploads\/2026\/03\/ChatGPT-Image-19-de-marc-del-2026-09_28_14-1024x683.png\" class=\"attachment-large size-large wp-image-1448\" alt=\"\" srcset=\"http:\/\/bombaysl.es\/wp-content\/uploads\/2026\/03\/ChatGPT-Image-19-de-marc-del-2026-09_28_14-1024x683.png 1024w, http:\/\/bombaysl.es\/wp-content\/uploads\/2026\/03\/ChatGPT-Image-19-de-marc-del-2026-09_28_14-300x200.png 300w, http:\/\/bombaysl.es\/wp-content\/uploads\/2026\/03\/ChatGPT-Image-19-de-marc-del-2026-09_28_14-768x512.png 768w, http:\/\/bombaysl.es\/wp-content\/uploads\/2026\/03\/ChatGPT-Image-19-de-marc-del-2026-09_28_14.png 1536w\" sizes=\"(max-width: 800px) 100vw, 800px\" \/>\t\t\t\t\t\t\t\t\t\t\t\t\t\t\t<\/div>\n\t\t\t\t<div class=\"elementor-element elementor-element-e60af02 elementor-widget elementor-widget-image\" data-id=\"e60af02\" data-element_type=\"widget\" data-e-type=\"widget\" data-widget_type=\"image.default\">\n\t\t\t\t\t\t\t\t\t\t\t\t\t\t\t<img decoding=\"async\" width=\"800\" height=\"534\" src=\"http:\/\/bombaysl.es\/wp-content\/uploads\/2026\/03\/ChatGPT-Image-19-de-marc-del-2026-09_24_20-1024x683.png\" class=\"attachment-large size-large wp-image-1445\" alt=\"\" srcset=\"http:\/\/bombaysl.es\/wp-content\/uploads\/2026\/03\/ChatGPT-Image-19-de-marc-del-2026-09_24_20-1024x683.png 1024w, http:\/\/bombaysl.es\/wp-content\/uploads\/2026\/03\/ChatGPT-Image-19-de-marc-del-2026-09_24_20-300x200.png 300w, http:\/\/bombaysl.es\/wp-content\/uploads\/2026\/03\/ChatGPT-Image-19-de-marc-del-2026-09_24_20-768x512.png 768w, http:\/\/bombaysl.es\/wp-content\/uploads\/2026\/03\/ChatGPT-Image-19-de-marc-del-2026-09_24_20.png 1536w\" sizes=\"(max-width: 800px) 100vw, 800px\" \/>\t\t\t\t\t\t\t\t\t\t\t\t\t\t\t<\/div>\n\t\t\t\t<\/div>\n\t\t<div class=\"elementor-element elementor-element-32b2741 e-con-full e-grid e-con e-child\" data-id=\"32b2741\" data-element_type=\"container\" data-e-type=\"container\">\n\t\t\t\t<div class=\"elementor-element elementor-element-1424b1c elementor-widget elementor-widget-image\" data-id=\"1424b1c\" data-element_type=\"widget\" data-e-type=\"widget\" data-widget_type=\"image.default\">\n\t\t\t\t\t\t\t\t\t\t\t\t\t\t\t<img decoding=\"async\" width=\"300\" height=\"300\" src=\"http:\/\/bombaysl.es\/wp-content\/uploads\/2017\/12\/logistica-300x300.png\" class=\"attachment-large size-large wp-image-1319\" alt=\"\" srcset=\"http:\/\/bombaysl.es\/wp-content\/uploads\/2017\/12\/logistica-300x300.png 300w, http:\/\/bombaysl.es\/wp-content\/uploads\/2017\/12\/logistica-300x300-150x150.png 150w\" sizes=\"(max-width: 300px) 100vw, 300px\" \/>\t\t\t\t\t\t\t\t\t\t\t\t\t\t\t<\/div>\n\t\t\t\t<\/div>\n\t\t\t\t<\/div>\n\t\t<div class=\"elementor-element elementor-element-49724432 e-flex e-con-boxed e-con e-parent\" data-id=\"49724432\" data-element_type=\"container\" data-e-type=\"container\" data-settings=\"{&quot;background_background&quot;:&quot;classic&quot;}\">\n\t\t\t\t\t<div class=\"e-con-inner\">\n\t\t<div class=\"elementor-element elementor-element-709b3da4 e-con-full e-flex e-con e-child\" data-id=\"709b3da4\" data-element_type=\"container\" data-e-type=\"container\">\n\t\t<div class=\"elementor-element elementor-element-14f07f3 e-con-full e-flex e-con e-child\" data-id=\"14f07f3\" data-element_type=\"container\" data-e-type=\"container\">\n\t\t\t\t<div class=\"elementor-element elementor-element-d0d133b elementor-widget elementor-widget-video\" data-id=\"d0d133b\" data-element_type=\"widget\" data-e-type=\"widget\" data-settings=\"{&quot;youtube_url&quot;:&quot;https:\\\/\\\/www.youtube.com\\\/watch?v=wbP26EHOG2w&quot;,&quot;autoplay&quot;:&quot;yes&quot;,&quot;video_type&quot;:&quot;youtube&quot;,&quot;controls&quot;:&quot;yes&quot;}\" data-widget_type=\"video.default\">\n\t\t\t\t\t\t\t<div class=\"elementor-wrapper elementor-open-inline\">\n\t\t\t<div class=\"elementor-video\"><\/div>\t\t<\/div>\n\t\t\t\t\t\t<\/div>\n\t\t\t\t<\/div>\n\t\t\t\t<\/div>\n\t\t<div class=\"elementor-element elementor-element-228f6414 e-con-full e-flex e-con e-child\" data-id=\"228f6414\" data-element_type=\"container\" data-e-type=\"container\">\n\t\t\t\t<div class=\"elementor-element elementor-element-1f49b1b8 elementor-widget elementor-widget-heading\" data-id=\"1f49b1b8\" data-element_type=\"widget\" data-e-type=\"widget\" data-widget_type=\"heading.default\">\n\t\t\t\t\t<h3 class=\"elementor-heading-title elementor-size-default\">Soluciones textiles desde 1983<\/h3>\t\t\t\t<\/div>\n\t\t\t\t<div class=\"elementor-element elementor-element-36142aff elementor-widget elementor-widget-text-editor\" data-id=\"36142aff\" data-element_type=\"widget\" data-e-type=\"widget\" data-widget_type=\"text-editor.default\">\n\t\t\t\t\t\t\t\t\t<p data-start=\"746\" data-end=\"842\">Bombay es una empresa especializada en tejidos con m\u00e1s de 35 a\u00f1os de experiencia en el sector.<\/p><p data-start=\"844\" data-end=\"953\">Trabajamos en moda, tapiceria laboral y tejidos de ba\u00f1o, integrando innovaci\u00f3n y servicio en cada proyecto.<\/p>\t\t\t\t\t\t\t\t<\/div>\n\t\t\t\t<\/div>\n\t\t\t\t\t<\/div>\n\t\t\t\t<\/div>\n\t\t<div class=\"elementor-element elementor-element-5e5e8586 e-con-full e-flex e-con e-parent\" data-id=\"5e5e8586\" data-element_type=\"container\" data-e-type=\"container\" id=\"next\">\n\t\t\t\t<div class=\"elementor-element elementor-element-3e26f12c elementor-widget elementor-widget-heading\" data-id=\"3e26f12c\" data-element_type=\"widget\" data-e-type=\"widget\" data-widget_type=\"heading.default\">\n\t\t\t\t\t<h3 class=\"elementor-heading-title elementor-size-default\">Especialistas en tejidos<\/h3>\t\t\t\t<\/div>\n\t\t\t\t<div class=\"elementor-element elementor-element-2e1a85cb elementor-widget elementor-widget-heading\" data-id=\"2e1a85cb\" data-element_type=\"widget\" data-e-type=\"widget\" data-widget_type=\"heading.default\">\n\t\t\t\t\t<p class=\"elementor-heading-title elementor-size-default\"><p data-start=\"575\" data-end=\"656\"><strong data-start=\"575\" data-end=\"656\">Producci\u00f3n y distribuci\u00f3n de tejidos para aplicaciones industriales y de moda<\/strong><span style=\"letter-spacing: 0px\"><\/span><\/p><\/p>\t\t\t\t<\/div>\n\t\t<div class=\"elementor-element elementor-element-1068cd1e e-con-full e-flex e-con e-child\" data-id=\"1068cd1e\" data-element_type=\"container\" data-e-type=\"container\">\n\t\t<div class=\"elementor-element elementor-element-4cd0432b e-con-full e-flex e-con e-child\" data-id=\"4cd0432b\" data-element_type=\"container\" data-e-type=\"container\">\n\t\t\t\t<div class=\"elementor-element elementor-element-351c5877 elementor-position-top elementor-widget elementor-widget-image-box\" data-id=\"351c5877\" data-element_type=\"widget\" data-e-type=\"widget\" data-widget_type=\"image-box.default\">\n\t\t\t\t\t<div class=\"elementor-image-box-wrapper\"><figure class=\"elementor-image-box-img\"><a href=\"#\" tabindex=\"-1\"><img loading=\"lazy\" decoding=\"async\" width=\"1707\" height=\"2560\" src=\"http:\/\/bombaysl.es\/wp-content\/uploads\/2026\/03\/IMG_8486-scaled.jpg\" class=\"elementor-animation-grow attachment-full size-full wp-image-1494\" alt=\"\" srcset=\"http:\/\/bombaysl.es\/wp-content\/uploads\/2026\/03\/IMG_8486-scaled.jpg 1707w, http:\/\/bombaysl.es\/wp-content\/uploads\/2026\/03\/IMG_8486-200x300.jpg 200w, http:\/\/bombaysl.es\/wp-content\/uploads\/2026\/03\/IMG_8486-683x1024.jpg 683w, http:\/\/bombaysl.es\/wp-content\/uploads\/2026\/03\/IMG_8486-768x1152.jpg 768w, http:\/\/bombaysl.es\/wp-content\/uploads\/2026\/03\/IMG_8486-1024x1536.jpg 1024w, http:\/\/bombaysl.es\/wp-content\/uploads\/2026\/03\/IMG_8486-1365x2048.jpg 1365w\" sizes=\"(max-width: 1707px) 100vw, 1707px\" \/><\/a><\/figure><div class=\"elementor-image-box-content\"><h4 class=\"elementor-image-box-title\"><a href=\"#\">LOG\u00cdSTICA TEXTIL<\/a><\/h4><p class=\"elementor-image-box-description\">Ofrecemos soluciones en tejidos laboral y t\u00e9cnicos para transporte, dise\u00f1ados para un uso intensivo y con altos est\u00e1ndares de durabilidad y seguridad.<\/p><\/div><\/div>\t\t\t\t<\/div>\n\t\t\t\t<\/div>\n\t\t<div class=\"elementor-element elementor-element-7b7820cb e-con-full e-flex e-con e-child\" data-id=\"7b7820cb\" data-element_type=\"container\" data-e-type=\"container\">\n\t\t\t\t<div class=\"elementor-element elementor-element-6932b85 elementor-position-top elementor-widget elementor-widget-image-box\" data-id=\"6932b85\" data-element_type=\"widget\" data-e-type=\"widget\" data-widget_type=\"image-box.default\">\n\t\t\t\t\t<div class=\"elementor-image-box-wrapper\"><figure class=\"elementor-image-box-img\"><a href=\"#\" tabindex=\"-1\"><img loading=\"lazy\" decoding=\"async\" width=\"1707\" height=\"2560\" src=\"http:\/\/bombaysl.es\/wp-content\/uploads\/2026\/03\/IMG_8588-scaled.jpg\" class=\"elementor-animation-grow attachment-full size-full wp-image-1484\" alt=\"\" srcset=\"http:\/\/bombaysl.es\/wp-content\/uploads\/2026\/03\/IMG_8588-scaled.jpg 1707w, http:\/\/bombaysl.es\/wp-content\/uploads\/2026\/03\/IMG_8588-200x300.jpg 200w, http:\/\/bombaysl.es\/wp-content\/uploads\/2026\/03\/IMG_8588-683x1024.jpg 683w, http:\/\/bombaysl.es\/wp-content\/uploads\/2026\/03\/IMG_8588-768x1152.jpg 768w, http:\/\/bombaysl.es\/wp-content\/uploads\/2026\/03\/IMG_8588-1024x1536.jpg 1024w, http:\/\/bombaysl.es\/wp-content\/uploads\/2026\/03\/IMG_8588-1365x2048.jpg 1365w\" sizes=\"(max-width: 1707px) 100vw, 1707px\" \/><\/a><\/figure><div class=\"elementor-image-box-content\"><h4 class=\"elementor-image-box-title\"><a href=\"#\">MODA \u2013 BOMBAY<\/a><\/h4><p class=\"elementor-image-box-description\">Desarrollamos tejidos de primera calidad para el sector moda, integrando innovaci\u00f3n y adaptaci\u00f3n a las tendencias del mercado.<\/p><\/div><\/div>\t\t\t\t<\/div>\n\t\t\t\t<\/div>\n\t\t<div class=\"elementor-element elementor-element-34526240 e-con-full e-flex e-con e-child\" data-id=\"34526240\" data-element_type=\"container\" data-e-type=\"container\">\n\t\t\t\t<div class=\"elementor-element elementor-element-17ab2997 elementor-position-top elementor-widget elementor-widget-image-box\" data-id=\"17ab2997\" data-element_type=\"widget\" data-e-type=\"widget\" data-widget_type=\"image-box.default\">\n\t\t\t\t\t<div class=\"elementor-image-box-wrapper\"><figure class=\"elementor-image-box-img\"><a href=\"#\" tabindex=\"-1\"><img loading=\"lazy\" decoding=\"async\" width=\"1707\" height=\"2560\" src=\"http:\/\/bombaysl.es\/wp-content\/uploads\/2026\/03\/IMG_8542-scaled.jpg\" class=\"elementor-animation-grow attachment-full size-full wp-image-1487\" alt=\"\" srcset=\"http:\/\/bombaysl.es\/wp-content\/uploads\/2026\/03\/IMG_8542-scaled.jpg 1707w, http:\/\/bombaysl.es\/wp-content\/uploads\/2026\/03\/IMG_8542-200x300.jpg 200w, http:\/\/bombaysl.es\/wp-content\/uploads\/2026\/03\/IMG_8542-683x1024.jpg 683w, http:\/\/bombaysl.es\/wp-content\/uploads\/2026\/03\/IMG_8542-768x1152.jpg 768w, http:\/\/bombaysl.es\/wp-content\/uploads\/2026\/03\/IMG_8542-1024x1536.jpg 1024w, http:\/\/bombaysl.es\/wp-content\/uploads\/2026\/03\/IMG_8542-1365x2048.jpg 1365w\" sizes=\"(max-width: 1707px) 100vw, 1707px\" \/><\/a><\/figure><div class=\"elementor-image-box-content\"><h4 class=\"elementor-image-box-title\"><a href=\"#\">OCEAN COLOR BY BOMBAY<\/a><\/h4><p class=\"elementor-image-box-description\">Ocean Color es nuestra l\u00ednea especializada en tejidos para swimwear, combinando innovaci\u00f3n, calidad y dise\u00f1o.<\/p><\/div><\/div>\t\t\t\t<\/div>\n\t\t\t\t<\/div>\n\t\t\t\t<\/div>\n\t\t\t\t<\/div>\n\t\t<div class=\"elementor-element elementor-element-2bc12281 e-con-full e-flex e-con e-parent\" data-id=\"2bc12281\" data-element_type=\"container\" data-e-type=\"container\" data-settings=\"{&quot;background_background&quot;:&quot;classic&quot;}\">\n\t\t\t\t<div class=\"elementor-element elementor-element-71af1441 elementor-widget elementor-widget-heading\" data-id=\"71af1441\" data-element_type=\"widget\" data-e-type=\"widget\" data-widget_type=\"heading.default\">\n\t\t\t\t\t<h3 class=\"elementor-heading-title elementor-size-default\">Why Choose Us<\/h3>\t\t\t\t<\/div>\n\t\t<div class=\"elementor-element elementor-element-69a06b5b e-con-full e-flex e-con e-child\" data-id=\"69a06b5b\" data-element_type=\"container\" data-e-type=\"container\">\n\t\t\t\t<div class=\"elementor-element elementor-element-1aa43494 elementor-widget__width-initial elementor-widget elementor-widget-icon-box\" data-id=\"1aa43494\" data-element_type=\"widget\" data-e-type=\"widget\" data-widget_type=\"icon-box.default\">\n\t\t\t\t\t\t\t<div class=\"elementor-icon-box-wrapper\">\n\n\t\t\t\n\t\t\t\t\t\t<div class=\"elementor-icon-box-content\">\n\n\t\t\t\t\t\t\t\t\t<h4 class=\"elementor-icon-box-title\">\n\t\t\t\t\t\t<span  >\n\t\t\t\t\t\t\tbenefit 1\t\t\t\t\t\t<\/span>\n\t\t\t\t\t<\/h4>\n\t\t\t\t\n\t\t\t\t\t\t\t\t\t<p class=\"elementor-icon-box-description\">\n\t\t\t\t\t\tA short description of the benefit.\t\t\t\t\t<\/p>\n\t\t\t\t\n\t\t\t<\/div>\n\t\t\t\n\t\t<\/div>\n\t\t\t\t\t\t<\/div>\n\t\t\t\t<div class=\"elementor-element elementor-element-41e6c385 elementor-widget__width-initial elementor-widget elementor-widget-icon-box\" data-id=\"41e6c385\" data-element_type=\"widget\" data-e-type=\"widget\" data-widget_type=\"icon-box.default\">\n\t\t\t\t\t\t\t<div class=\"elementor-icon-box-wrapper\">\n\n\t\t\t\n\t\t\t\t\t\t<div class=\"elementor-icon-box-content\">\n\n\t\t\t\t\t\t\t\t\t<h4 class=\"elementor-icon-box-title\">\n\t\t\t\t\t\t<span  >\n\t\t\t\t\t\t\tbenefit 2\t\t\t\t\t\t<\/span>\n\t\t\t\t\t<\/h4>\n\t\t\t\t\n\t\t\t\t\t\t\t\t\t<p class=\"elementor-icon-box-description\">\n\t\t\t\t\t\tA short description of the benefit.\t\t\t\t\t<\/p>\n\t\t\t\t\n\t\t\t<\/div>\n\t\t\t\n\t\t<\/div>\n\t\t\t\t\t\t<\/div>\n\t\t\t\t<div class=\"elementor-element elementor-element-79dada09 elementor-widget__width-initial elementor-widget elementor-widget-icon-box\" data-id=\"79dada09\" data-element_type=\"widget\" data-e-type=\"widget\" data-widget_type=\"icon-box.default\">\n\t\t\t\t\t\t\t<div class=\"elementor-icon-box-wrapper\">\n\n\t\t\t\n\t\t\t\t\t\t<div class=\"elementor-icon-box-content\">\n\n\t\t\t\t\t\t\t\t\t<h4 class=\"elementor-icon-box-title\">\n\t\t\t\t\t\t<span  >\n\t\t\t\t\t\t\tbenefit 3\t\t\t\t\t\t<\/span>\n\t\t\t\t\t<\/h4>\n\t\t\t\t\n\t\t\t\t\t\t\t\t\t<p class=\"elementor-icon-box-description\">\n\t\t\t\t\t\tA short description of the benefit.\t\t\t\t\t<\/p>\n\t\t\t\t\n\t\t\t<\/div>\n\t\t\t\n\t\t<\/div>\n\t\t\t\t\t\t<\/div>\n\t\t\t\t<div class=\"elementor-element elementor-element-aa7f9a1 elementor-widget__width-initial elementor-widget elementor-widget-icon-box\" data-id=\"aa7f9a1\" data-element_type=\"widget\" data-e-type=\"widget\" data-widget_type=\"icon-box.default\">\n\t\t\t\t\t\t\t<div class=\"elementor-icon-box-wrapper\">\n\n\t\t\t\n\t\t\t\t\t\t<div class=\"elementor-icon-box-content\">\n\n\t\t\t\t\t\t\t\t\t<h4 class=\"elementor-icon-box-title\">\n\t\t\t\t\t\t<span  >\n\t\t\t\t\t\t\tbenefit 4\t\t\t\t\t\t<\/span>\n\t\t\t\t\t<\/h4>\n\t\t\t\t\n\t\t\t\t\t\t\t\t\t<p class=\"elementor-icon-box-description\">\n\t\t\t\t\t\tA short description of the benefit.\t\t\t\t\t<\/p>\n\t\t\t\t\n\t\t\t<\/div>\n\t\t\t\n\t\t<\/div>\n\t\t\t\t\t\t<\/div>\n\t\t\t\t<\/div>\n\t\t\t\t<\/div>\n\t\t<div class=\"elementor-element elementor-element-603026f7 e-flex e-con-boxed e-con e-parent\" data-id=\"603026f7\" data-element_type=\"container\" data-e-type=\"container\">\n\t\t\t\t\t<div class=\"e-con-inner\">\n\t\t\t\t<div class=\"elementor-element elementor-element-d5d9670 elementor-widget elementor-widget-heading\" data-id=\"d5d9670\" data-element_type=\"widget\" data-e-type=\"widget\" data-widget_type=\"heading.default\">\n\t\t\t\t\t<h3 class=\"elementor-heading-title elementor-size-default\">A Title to Turn the Visitor Into a Lead<\/h3>\t\t\t\t<\/div>\n\t\t\t\t<div class=\"elementor-element elementor-element-18220909 elementor-widget elementor-widget-text-editor\" data-id=\"18220909\" data-element_type=\"widget\" data-e-type=\"widget\" data-widget_type=\"text-editor.default\">\n\t\t\t\t\t\t\t\t\tUse this short paragraph to explain how you will deliver this benefit to the visitor if they decide to work with you.\t\t\t\t\t\t\t\t<\/div>\n\t\t\t\t<div class=\"elementor-element elementor-element-2bada670 elementor-align-center elementor-mobile-align-center elementor-widget elementor-widget-button\" data-id=\"2bada670\" data-element_type=\"widget\" data-e-type=\"widget\" data-widget_type=\"button.default\">\n\t\t\t\t\t\t\t\t\t\t<a class=\"elementor-button elementor-button-link elementor-size-sm\" href=\"#\">\n\t\t\t\t\t\t<span class=\"elementor-button-content-wrapper\">\n\t\t\t\t\t\t\t\t\t<span class=\"elementor-button-text\">Learn more<\/span>\n\t\t\t\t\t<\/span>\n\t\t\t\t\t<\/a>\n\t\t\t\t\t\t\t\t<\/div>\n\t\t\t\t\t<\/div>\n\t\t\t\t<\/div>\n\t\t<footer class=\"elementor-element elementor-element-3a37a02f e-con-full e-flex e-con e-parent\" data-id=\"3a37a02f\" data-element_type=\"container\" data-e-type=\"container\">\n\t\t<div class=\"elementor-element elementor-element-3771d736 e-con-full e-flex e-con e-child\" data-id=\"3771d736\" data-element_type=\"container\" data-e-type=\"container\">\n\t\t\t\t<div class=\"elementor-element elementor-element-2556ec7 elementor-widget elementor-widget-image\" data-id=\"2556ec7\" data-element_type=\"widget\" data-e-type=\"widget\" data-widget_type=\"image.default\">\n\t\t\t\t\t\t\t\t\t\t\t\t\t\t\t<img decoding=\"async\" src=\"http:\/\/bombaysl.es\/wp-content\/plugins\/elementor\/assets\/images\/placeholder.png\" title=\"\" alt=\"\" loading=\"lazy\" \/>\t\t\t\t\t\t\t\t\t\t\t\t\t\t\t<\/div>\n\t\t\t\t<\/div>\n\t\t<div class=\"elementor-element elementor-element-2b68a60c e-con-full e-flex e-con e-child\" data-id=\"2b68a60c\" data-element_type=\"container\" data-e-type=\"container\">\n\t\t\t\t<div class=\"elementor-element elementor-element-69c20f1e elementor-icon-list--layout-inline elementor-tablet-align-center elementor-align-center elementor-list-item-link-full_width elementor-widget elementor-widget-icon-list\" data-id=\"69c20f1e\" data-element_type=\"widget\" data-e-type=\"widget\" data-widget_type=\"icon-list.default\">\n\t\t\t\t\t\t\t<ul class=\"elementor-icon-list-items elementor-inline-items\">\n\t\t\t\t\t\t\t<li class=\"elementor-icon-list-item elementor-inline-item\">\n\t\t\t\t\t\t\t\t\t\t<span class=\"elementor-icon-list-text\">123-456-7890<\/span>\n\t\t\t\t\t\t\t\t\t<\/li>\n\t\t\t\t\t\t\t\t<li class=\"elementor-icon-list-item elementor-inline-item\">\n\t\t\t\t\t\t\t\t\t\t<span class=\"elementor-icon-list-text\">123 Main Street, New York, NY 10001<\/span>\n\t\t\t\t\t\t\t\t\t<\/li>\n\t\t\t\t\t\t\t\t<li class=\"elementor-icon-list-item elementor-inline-item\">\n\t\t\t\t\t\t\t\t\t\t<span class=\"elementor-icon-list-text\">Mon-Fri 9:00AM - 5:00PM<\/span>\n\t\t\t\t\t\t\t\t\t<\/li>\n\t\t\t\t\t\t<\/ul>\n\t\t\t\t\t\t<\/div>\n\t\t\t\t<\/div>\n\t\t<div class=\"elementor-element elementor-element-7e6f3bed e-con-full e-flex e-con e-child\" data-id=\"7e6f3bed\" data-element_type=\"container\" data-e-type=\"container\">\n\t\t\t\t<div class=\"elementor-element elementor-element-7ffad7f8 e-grid-align-right e-grid-align-tablet-right e-grid-align-mobile-center elementor-widget-mobile__width-inherit elementor-shape-rounded elementor-grid-0 elementor-widget elementor-widget-social-icons\" data-id=\"7ffad7f8\" data-element_type=\"widget\" data-e-type=\"widget\" data-widget_type=\"social-icons.default\">\n\t\t\t\t\t\t\t<div class=\"elementor-social-icons-wrapper elementor-grid\" role=\"list\">\n\t\t\t\t\t\t\t<span class=\"elementor-grid-item\" role=\"listitem\">\n\t\t\t\t\t<a class=\"elementor-icon elementor-social-icon elementor-social-icon-facebook-f elementor-repeater-item-3f1b7ac\" target=\"_blank\">\n\t\t\t\t\t\t<span class=\"elementor-screen-only\">Facebook-f<\/span>\n\t\t\t\t\t\t<svg aria-hidden=\"true\" class=\"e-font-icon-svg e-fab-facebook-f\" viewBox=\"0 0 320 512\" xmlns=\"http:\/\/www.w3.org\/2000\/svg\"><path d=\"M279.14 288l14.22-92.66h-88.91v-60.13c0-25.35 12.42-50.06 52.24-50.06h40.42V6.26S260.43 0 225.36 0c-73.22 0-121.08 44.38-121.08 124.72v70.62H22.89V288h81.39v224h100.17V288z\"><\/path><\/svg>\t\t\t\t\t<\/a>\n\t\t\t\t<\/span>\n\t\t\t\t\t\t\t<span class=\"elementor-grid-item\" role=\"listitem\">\n\t\t\t\t\t<a class=\"elementor-icon elementor-social-icon elementor-social-icon- elementor-repeater-item-5c0ce3c\" target=\"_blank\">\n\t\t\t\t\t\t<span class=\"elementor-screen-only\"><\/span>\n\t\t\t\t\t\t\t\t\t\t\t<\/a>\n\t\t\t\t<\/span>\n\t\t\t\t\t\t\t<span class=\"elementor-grid-item\" role=\"listitem\">\n\t\t\t\t\t<a class=\"elementor-icon elementor-social-icon elementor-social-icon-twitter elementor-repeater-item-828f132\" target=\"_blank\">\n\t\t\t\t\t\t<span class=\"elementor-screen-only\">Twitter<\/span>\n\t\t\t\t\t\t<svg aria-hidden=\"true\" class=\"e-font-icon-svg e-fab-twitter\" viewBox=\"0 0 512 512\" xmlns=\"http:\/\/www.w3.org\/2000\/svg\"><path d=\"M459.37 151.716c.325 4.548.325 9.097.325 13.645 0 138.72-105.583 298.558-298.558 298.558-59.452 0-114.68-17.219-161.137-47.106 8.447.974 16.568 1.299 25.34 1.299 49.055 0 94.213-16.568 130.274-44.832-46.132-.975-84.792-31.188-98.112-72.772 6.498.974 12.995 1.624 19.818 1.624 9.421 0 18.843-1.3 27.614-3.573-48.081-9.747-84.143-51.98-84.143-102.985v-1.299c13.969 7.797 30.214 12.67 47.431 13.319-28.264-18.843-46.781-51.005-46.781-87.391 0-19.492 5.197-37.36 14.294-52.954 51.655 63.675 129.3 105.258 216.365 109.807-1.624-7.797-2.599-15.918-2.599-24.04 0-57.828 46.782-104.934 104.934-104.934 30.213 0 57.502 12.67 76.67 33.137 23.715-4.548 46.456-13.32 66.599-25.34-7.798 24.366-24.366 44.833-46.132 57.827 21.117-2.273 41.584-8.122 60.426-16.243-14.292 20.791-32.161 39.308-52.628 54.253z\"><\/path><\/svg>\t\t\t\t\t<\/a>\n\t\t\t\t<\/span>\n\t\t\t\t\t<\/div>\n\t\t\t\t\t\t<\/div>\n\t\t\t\t<\/div>\n\t\t\t\t<\/footer>\n\t\t<div class=\"elementor-element elementor-element-9309d1b e-con-full e-flex e-con e-parent\" data-id=\"9309d1b\" data-element_type=\"container\" data-e-type=\"container\" data-settings=\"{&quot;background_background&quot;:&quot;classic&quot;}\">\n\t\t\t\t<div class=\"elementor-element elementor-element-21fac59a elementor-widget elementor-widget-heading\" data-id=\"21fac59a\" data-element_type=\"widget\" data-e-type=\"widget\" data-widget_type=\"heading.default\">\n\t\t\t\t\t<p class=\"elementor-heading-title elementor-size-default\">\u00a9 All Rights Reserved.<\/p>\t\t\t\t<\/div>\n\t\t\t\t<\/div>\n\t\t\t\t<\/div>\n\t\t","protected":false},"excerpt":{"rendered":"<p>Bombay, specialists in fabrics for professionals Venta al por mayor de tejidos con calidad y servicio profesional Contact us https:\/\/www.youtube.com\/watch?v=wbP26EHOG2w Soluciones textiles desde 1983 Bombay es una empresa especializada en tejidos con m\u00e1s de 35 a\u00f1os de experiencia en el sector. Trabajamos en moda, tapiceria laboral y tejidos de ba\u00f1o, integrando innovaci\u00f3n y servicio en [&hellip;]<\/p>\n","protected":false},"author":5,"featured_media":0,"parent":1040,"menu_order":0,"comment_status":"closed","ping_status":"closed","template":"elementor_header_footer","meta":{"_monsterinsights_skip_tracking":false,"_monsterinsights_sitenote_active":false,"_monsterinsights_sitenote_note":"","_monsterinsights_sitenote_category":0,"footnotes":""},"class_list":["post-1508","page","type-page","status-publish","hentry"],"aioseo_notices":[],"rttpg_featured_image_url":null,"rttpg_author":{"display_name":"Laia V\u00e1zquez","author_link":"http:\/\/bombaysl.es\/en\/author\/laia\/"},"rttpg_comment":0,"rttpg_category":" <a href=\"http:\/\/bombaysl.es\/?taxonomy=translation_priority&#038;term=opcional\" rel=\"tag\">Opcional<\/a>","rttpg_excerpt":"Bombay, specialists in fabrics for professionals Venta al por mayor de tejidos con calidad y servicio profesional Contact us https:\/\/www.youtube.com\/watch?v=wbP26EHOG2w Soluciones textiles desde 1983 Bombay es una empresa especializada en tejidos con m\u00e1s de 35 a\u00f1os de experiencia en el sector. Trabajamos en moda, tapiceria laboral y tejidos de ba\u00f1o, integrando innovaci\u00f3n y servicio en&hellip;","_links":{"self":[{"href":"http:\/\/bombaysl.es\/en\/wp-json\/wp\/v2\/pages\/1508","targetHints":{"allow":["GET"]}}],"collection":[{"href":"http:\/\/bombaysl.es\/en\/wp-json\/wp\/v2\/pages"}],"about":[{"href":"http:\/\/bombaysl.es\/en\/wp-json\/wp\/v2\/types\/page"}],"author":[{"embeddable":true,"href":"http:\/\/bombaysl.es\/en\/wp-json\/wp\/v2\/users\/5"}],"replies":[{"embeddable":true,"href":"http:\/\/bombaysl.es\/en\/wp-json\/wp\/v2\/comments?post=1508"}],"version-history":[{"count":4,"href":"http:\/\/bombaysl.es\/en\/wp-json\/wp\/v2\/pages\/1508\/revisions"}],"predecessor-version":[{"id":1512,"href":"http:\/\/bombaysl.es\/en\/wp-json\/wp\/v2\/pages\/1508\/revisions\/1512"}],"up":[{"embeddable":true,"href":"http:\/\/bombaysl.es\/en\/wp-json\/wp\/v2\/pages\/1040"}],"wp:attachment":[{"href":"http:\/\/bombaysl.es\/en\/wp-json\/wp\/v2\/media?parent=1508"}],"curies":[{"name":"wp","href":"https:\/\/api.w.org\/{rel}","templated":true}]}}